{"id":927,"date":"2022-03-14T15:08:37","date_gmt":"2022-03-14T11:08:37","guid":{"rendered":"https:\/\/scopad.fr\/?page_id=927"},"modified":"2023-10-26T16:07:10","modified_gmt":"2023-10-26T12:07:10","slug":"cgu","status":"publish","type":"page","link":"https:\/\/scopidoux.re\/index.php\/cgu\/","title":{"rendered":"Conditions G\u00e9n\u00e9rales d&rsquo;Utilisation (CGU) du site Internet de la cr\u00e8che \u00ab\u00a0SCOPIDOUX\u00a0\u00bb"},"content":{"rendered":"\t\t<div data-elementor-type=\"wp-page\" data-elementor-id=\"927\" class=\"elementor elementor-927\">\n\t\t\t\t\t\t<section class=\"elementor-section elementor-top-section elementor-element elementor-element-5e3aedff elementor-section-boxed elementor-section-height-default elementor-section-height-default\" data-id=\"5e3aedff\" data-element_type=\"section\" data-e-type=\"section\">\n\t\t\t\t\t\t<div class=\"elementor-container elementor-column-gap-default\">\n\t\t\t\t\t<div class=\"elementor-column elementor-col-100 elementor-top-column elementor-element elementor-element-6ddf72a\" data-id=\"6ddf72a\" data-element_type=\"column\" data-e-type=\"column\">\n\t\t\t<div class=\"elementor-widget-wrap elementor-element-populated\">\n\t\t\t\t\t\t<div class=\"elementor-element elementor-element-55d6bd37 elementor-widget elementor-widget-text-editor\" data-id=\"55d6bd37\" data-element_type=\"widget\" data-e-type=\"widget\" data-widget_type=\"text-editor.default\">\n\t\t\t\t<div class=\"elementor-widget-container\">\n\t\t\t\t\t\t\t\t\t<p><em><span style=\"color: var(--ast-global-color-2); font-family: Montserrat, sans-serif; font-size: 1.875rem; font-weight: 400;\">Conditions G\u00e9n\u00e9rales d&rsquo;Utilisation (CGU) du site Internet de la cr\u00e8che \u00ab\u00a0SCOPIDOUX\u00a0\u00bb<\/span><\/em><\/p>\n<p><em><span style=\"color: var(--ast-global-color-2); font-family: Montserrat, sans-serif; font-size: 1.875rem; font-weight: 400;\">\u00a0<\/span><\/em><\/p>\n<p>Date de derni\u00e8re mise \u00e0 jour : 26\/10\/2023<\/p>\n<p>\u00a0<\/p>\n<h5>1. Acceptation des Conditions G\u00e9n\u00e9rales d&rsquo;Utilisation<\/h5>\n<p>\u00a0<\/p>\n<p>En acc\u00e9dant \u00e0 ce site internet et en l&rsquo;utilisant, vous acceptez de vous conformer aux pr\u00e9sentes Conditions G\u00e9n\u00e9rales d&rsquo;Utilisation. Si vous n&rsquo;acceptez pas ces conditions, veuillez ne pas utiliser ce site.<\/p>\n<p>\u00a0<\/p>\n<h5>2. Objectif du Site<\/h5>\n<p>\u00a0<\/p>\n<p>Le site internet \u00ab\u00a0SCOPIDOUX\u00a0\u00bb a pour but de pr\u00e9senter notre cr\u00e8che, de fournir des informations sur nos services et de faciliter la communication avec les visiteurs.<\/p>\n<p>\u00a0<\/p>\n<h5>3. Propri\u00e9t\u00e9 Intellectuelle<\/h5>\n<p>\u00a0<\/p>\n<p>Tous les contenus pr\u00e9sents sur ce site, y compris les textes, images, logos, vid\u00e9os, et autres \u00e9l\u00e9ments, sont la propri\u00e9t\u00e9 de \u00ab\u00a0SCOPIDOUX\u00a0\u00bb ou sont utilis\u00e9s avec la permission de leurs propri\u00e9taires respectifs. Vous ne pouvez pas reproduire, distribuer ou utiliser ces contenus sans autorisation \u00e9crite pr\u00e9alable.<\/p>\n<p>\u00a0<\/p>\n<h5>4. Utilisation du Site<\/h5>\n<p>\u00a0<\/p>\n<p>Vous acceptez de ne pas utiliser ce site internet \u00e0 des fins ill\u00e9gales ou en violation de ces CGU. Vous vous engagez \u00e0 respecter les lois et r\u00e8glements en vigueur.<\/p>\n<p>\u00a0<\/p>\n<h5>5. Confidentialit\u00e9 et Donn\u00e9es Personnelles<\/h5>\n<p>\u00a0<\/p>\n<p>La collecte et le traitement de vos donn\u00e9es personnelles sont r\u00e9gis par notre Politique de Confidentialit\u00e9, consultable sur une page distincte de ce site.<\/p>\n<p>\u00a0<\/p>\n<h5><span style=\"color: var(--ast-global-color-2); font-size: 1.125rem; font-style: inherit; background-color: var(--ast-global-color-5);\">6. Liens Externes<\/span><\/h5>\n<p>\u00a0<\/p>\n<p>Ce site peut contenir des liens vers des sites web tiers. Nous d\u00e9clinons toute responsabilit\u00e9 quant au contenu ou \u00e0 la politique de confidentialit\u00e9 de ces sites.<\/p>\n<p>\u00a0<\/p>\n<h5>7. Limitation de Responsabilit\u00e9<\/h5>\n<p>\u00a0<\/p>\n<p>Nous nous effor\u00e7ons de fournir des informations pr\u00e9cises, mais nous ne garantissons pas leur exactitude. Nous ne serons pas tenus responsables des dommages directs ou indirects r\u00e9sultant de l&rsquo;utilisation de ce site.<\/p>\n<p>\u00a0<\/p>\n<h5>9. Modification des CGU<\/h5>\n<p>\u00a0<\/p>\n<p>Nous nous r\u00e9servons le droit de modifier ces CGU \u00e0 tout moment. Les modifications seront publi\u00e9es sur ce site, et il vous incombe de les consulter r\u00e9guli\u00e8rement.<\/p>\n<p>\u00a0<\/p>\n<h5>10. Contact<\/h5>\n<p>\u00a0<\/p>\n<p>Pour toute question ou pr\u00e9occupation concernant ces CGU, veuillez nous contacter \u00e0 l&rsquo;adresse suivante : <a href=\"mailto:contact@scopidoux.re\">contact@scopidoux.re<\/a><\/p>\t\t\t\t\t\t\t\t<\/div>\n\t\t\t\t<\/div>\n\t\t\t\t\t<\/div>\n\t\t<\/div>\n\t\t\t\t\t<\/div>\n\t\t<\/section>\n\t\t\t\t<\/div>\n\t\t","protected":false},"excerpt":{"rendered":"<p>Conditions G\u00e9n\u00e9rales d&rsquo;Utilisation (CGU) du site Internet de la cr\u00e8che \u00ab\u00a0SCOPIDOUX\u00a0\u00bb \u00a0 Date de derni\u00e8re mise \u00e0 jour : 26\/10\/2023 \u00a0 1. Acceptation des Conditions G\u00e9n\u00e9rales d&rsquo;Utilisation \u00a0 En acc\u00e9dant \u00e0 ce site internet et en l&rsquo;utilisant, vous acceptez de vous conformer aux pr\u00e9sentes Conditions G\u00e9n\u00e9rales d&rsquo;Utilisation. Si vous n&rsquo;acceptez pas ces conditions, veuillez ne [&hellip;]<\/p>\n","protected":false},"author":1,"featured_media":0,"parent":0,"menu_order":0,"comment_status":"closed","ping_status":"open","template":"","meta":{"site-sidebar-layout":"default","site-content-layout":"","ast-site-content-layout":"default","site-content-style":"default","site-sidebar-style":"default","ast-global-header-display":"","ast-banner-title-visibility":"","ast-main-header-display":"","ast-hfb-above-header-display":"","ast-hfb-below-header-display":"","ast-hfb-mobile-header-display":"","site-post-title":"disabled","ast-breadcrumbs-content":"","ast-featured-img":"","footer-sml-layout":"","ast-disable-related-posts":"","theme-transparent-header-meta":"","adv-header-id-meta":"","stick-header-meta":"","header-above-stick-meta":"","header-main-stick-meta":"","header-below-stick-meta":"","astra-migrate-meta-layouts":"set","ast-page-background-enabled":"default","ast-page-background-meta":{"desktop":{"background-color":"","background-image":"","background-repeat":"repeat","background-position":"center center","background-size":"auto","background-attachment":"scroll","background-type":"","background-media":"","overlay-type":"","overlay-color":"","overlay-opacity":"","overlay-gradient":""},"tablet":{"background-color":"","background-image":"","background-repeat":"repeat","background-position":"center center","background-size":"auto","background-attachment":"scroll","background-type":"","background-media":"","overlay-type":"","overlay-color":"","overlay-opacity":"","overlay-gradient":""},"mobile":{"background-color":"","background-image":"","background-repeat":"repeat","background-position":"center center","background-size":"auto","background-attachment":"scroll","background-type":"","background-media":"","overlay-type":"","overlay-color":"","overlay-opacity":"","overlay-gradient":""}},"ast-content-background-meta":{"desktop":{"background-color":"var(--ast-global-color-5)","background-image":"","background-repeat":"repeat","background-position":"center center","background-size":"auto","background-attachment":"scroll","background-type":"","background-media":"","overlay-type":"","overlay-color":"","overlay-opacity":"","overlay-gradient":""},"tablet":{"background-color":"var(--ast-global-color-5)","background-image":"","background-repeat":"repeat","background-position":"center center","background-size":"auto","background-attachment":"scroll","background-type":"","background-media":"","overlay-type":"","overlay-color":"","overlay-opacity":"","overlay-gradient":""},"mobile":{"background-color":"var(--ast-global-color-5)","background-image":"","background-repeat":"repeat","background-position":"center center","background-size":"auto","background-attachment":"scroll","background-type":"","background-media":"","overlay-type":"","overlay-color":"","overlay-opacity":"","overlay-gradient":""}},"footnotes":""},"class_list":["post-927","page","type-page","status-publish","hentry"],"_links":{"self":[{"href":"https:\/\/scopidoux.re\/index.php\/wp-json\/wp\/v2\/pages\/927","targetHints":{"allow":["GET"]}}],"collection":[{"href":"https:\/\/scopidoux.re\/index.php\/wp-json\/wp\/v2\/pages"}],"about":[{"href":"https:\/\/scopidoux.re\/index.php\/wp-json\/wp\/v2\/types\/page"}],"author":[{"embeddable":true,"href":"https:\/\/scopidoux.re\/index.php\/wp-json\/wp\/v2\/users\/1"}],"replies":[{"embeddable":true,"href":"https:\/\/scopidoux.re\/index.php\/wp-json\/wp\/v2\/comments?post=927"}],"version-history":[{"count":23,"href":"https:\/\/scopidoux.re\/index.php\/wp-json\/wp\/v2\/pages\/927\/revisions"}],"predecessor-version":[{"id":1251,"href":"https:\/\/scopidoux.re\/index.php\/wp-json\/wp\/v2\/pages\/927\/revisions\/1251"}],"wp:attachment":[{"href":"https:\/\/scopidoux.re\/index.php\/wp-json\/wp\/v2\/media?parent=927"}],"curies":[{"name":"wp","href":"https:\/\/api.w.org\/{rel}","templated":true}]}}