{"id":438,"date":"2022-01-18T12:46:53","date_gmt":"2022-01-18T11:46:53","guid":{"rendered":"http:\/\/scopad.fr\/?page_id=438"},"modified":"2024-03-06T12:25:54","modified_gmt":"2024-03-06T08:25:54","slug":"missions","status":"publish","type":"page","link":"https:\/\/scopidoux.re\/index.php\/missions\/","title":{"rendered":"Projet p\u00e9dagogique"},"content":{"rendered":"\t\t<div data-elementor-type=\"wp-page\" data-elementor-id=\"438\" class=\"elementor elementor-438\">\n\t\t\t\t\t\t<section class=\"elementor-section elementor-top-section elementor-element elementor-element-5703538 elementor-section-height-full elementor-section-boxed elementor-section-height-default elementor-section-items-middle\" data-id=\"5703538\" data-element_type=\"section\" data-e-type=\"section\" data-settings=\"{&quot;background_background&quot;:&quot;classic&quot;}\">\n\t\t\t\t\t\t\t<div class=\"elementor-background-overlay\"><\/div>\n\t\t\t\t\t\t\t<div class=\"elementor-container elementor-column-gap-default\">\n\t\t\t\t\t<div class=\"elementor-column elementor-col-100 elementor-top-column elementor-element elementor-element-6c3a2db\" data-id=\"6c3a2db\" data-element_type=\"column\" data-e-type=\"column\">\n\t\t\t<div class=\"elementor-widget-wrap elementor-element-populated\">\n\t\t\t\t\t\t<section class=\"elementor-section elementor-inner-section elementor-element elementor-element-131ffc7 elementor-section-boxed elementor-section-height-default elementor-section-height-default\" data-id=\"131ffc7\" data-element_type=\"section\" data-e-type=\"section\">\n\t\t\t\t\t\t<div class=\"elementor-container elementor-column-gap-default\">\n\t\t\t\t\t<div class=\"elementor-column elementor-col-50 elementor-inner-column elementor-element elementor-element-4af34cd\" data-id=\"4af34cd\" data-element_type=\"column\" data-e-type=\"column\">\n\t\t\t<div class=\"elementor-widget-wrap elementor-element-populated\">\n\t\t\t\t\t\t<div class=\"elementor-element elementor-element-a209aa4 elementor-widget elementor-widget-heading\" data-id=\"a209aa4\" data-element_type=\"widget\" data-e-type=\"widget\" data-widget_type=\"heading.default\">\n\t\t\t\t<div class=\"elementor-widget-container\">\n\t\t\t\t\t<h4 class=\"elementor-heading-title elementor-size-default\">Nos valeurs<\/h4>\t\t\t\t<\/div>\n\t\t\t\t<\/div>\n\t\t\t\t<div class=\"elementor-element elementor-element-0514cbb elementor-widget-divider--view-line elementor-widget elementor-widget-divider\" data-id=\"0514cbb\" data-element_type=\"widget\" data-e-type=\"widget\" data-widget_type=\"divider.default\">\n\t\t\t\t<div class=\"elementor-widget-container\">\n\t\t\t\t\t\t\t<div class=\"elementor-divider\">\n\t\t\t<span class=\"elementor-divider-separator\">\n\t\t\t\t\t\t<\/span>\n\t\t<\/div>\n\t\t\t\t\t\t<\/div>\n\t\t\t\t<\/div>\n\t\t\t\t\t<\/div>\n\t\t<\/div>\n\t\t\t\t<div class=\"elementor-column elementor-col-50 elementor-inner-column elementor-element elementor-element-6764227\" data-id=\"6764227\" data-element_type=\"column\" data-e-type=\"column\">\n\t\t\t<div class=\"elementor-widget-wrap\">\n\t\t\t\t\t\t\t<\/div>\n\t\t<\/div>\n\t\t\t\t\t<\/div>\n\t\t<\/section>\n\t\t\t\t<div class=\"elementor-element elementor-element-bba8c9c elementor-widget elementor-widget-heading\" data-id=\"bba8c9c\" data-element_type=\"widget\" data-e-type=\"widget\" data-widget_type=\"heading.default\">\n\t\t\t\t<div class=\"elementor-widget-container\">\n\t\t\t\t\t<h1 class=\"elementor-heading-title elementor-size-default\">Projet p\u00e9dagogique<\/h1>\t\t\t\t<\/div>\n\t\t\t\t<\/div>\n\t\t\t\t\t<\/div>\n\t\t<\/div>\n\t\t\t\t\t<\/div>\n\t\t<\/section>\n\t\t\t\t<section class=\"elementor-section elementor-top-section elementor-element elementor-element-7d97f58 elementor-section-boxed elementor-section-height-default elementor-section-height-default\" data-id=\"7d97f58\" data-element_type=\"section\" data-e-type=\"section\">\n\t\t\t\t\t\t<div class=\"elementor-container elementor-column-gap-default\">\n\t\t\t\t\t<div class=\"elementor-column elementor-col-100 elementor-top-column elementor-element elementor-element-44bb3e3\" data-id=\"44bb3e3\" data-element_type=\"column\" data-e-type=\"column\">\n\t\t\t<div class=\"elementor-widget-wrap elementor-element-populated\">\n\t\t\t\t\t\t<div class=\"elementor-element elementor-element-5ae7607 elementor-widget elementor-widget-text-editor\" data-id=\"5ae7607\" data-element_type=\"widget\" data-e-type=\"widget\" data-widget_type=\"text-editor.default\">\n\t\t\t\t<div class=\"elementor-widget-container\">\n\t\t\t\t\t\t\t\t\t<p>La cr\u00e8che <strong><span style=\"color: #ff6600;\">SCOP<\/span><span style=\"color: #3bb353;\">idoux<\/span>, <\/strong>en plus d\u2019\u00eatre un lieu d\u2019accueil \u00e0 part enti\u00e8re, est un lieu d\u2019\u00e9veil et de socialisation pour les enfants.<\/p><p>L\u2019environnement dans lequel \u00e9volue l\u2019enfant est essentiel \u00e0 son \u00e9panouissement.<\/p><p>\u00a0<\/p><p>Le projet de la cr\u00e8che s\u2019articule autour de diff\u00e9rents objectifs\u00a0:<\/p><ul><li>Accueillir l\u2019enfant au sein de la collectivit\u00e9 dans le respect de son individualit\u00e9<\/li><li>Accompagner l\u2019enfant dans l\u2019acquisition de son autonomie, en partenariat \u00e9troit avec la famille<\/li><li>Assurer la s\u00e9curit\u00e9 physique et affective du tout-petit<\/li><li>Cr\u00e9er une relation de confiance avec la famille<\/li><\/ul>\t\t\t\t\t\t\t\t<\/div>\n\t\t\t\t<\/div>\n\t\t\t\t\t<\/div>\n\t\t<\/div>\n\t\t\t\t\t<\/div>\n\t\t<\/section>\n\t\t\t\t<section class=\"elementor-section elementor-top-section elementor-element elementor-element-7752b20 elementor-section-boxed elementor-section-height-default elementor-section-height-default\" data-id=\"7752b20\" data-element_type=\"section\" data-e-type=\"section\">\n\t\t\t\t\t\t<div class=\"elementor-container elementor-column-gap-default\">\n\t\t\t\t\t<div class=\"elementor-column elementor-col-100 elementor-top-column elementor-element elementor-element-680d686\" data-id=\"680d686\" data-element_type=\"column\" data-e-type=\"column\">\n\t\t\t<div class=\"elementor-widget-wrap elementor-element-populated\">\n\t\t\t\t\t\t<div class=\"elementor-element elementor-element-48ef8b6 elementor-view-stacked elementor-shape-circle elementor-widget elementor-widget-icon\" data-id=\"48ef8b6\" data-element_type=\"widget\" data-e-type=\"widget\" data-widget_type=\"icon.default\">\n\t\t\t\t<div class=\"elementor-widget-container\">\n\t\t\t\t\t\t\t<div class=\"elementor-icon-wrapper\">\n\t\t\t<div class=\"elementor-icon\">\n\t\t\t<i aria-hidden=\"true\" class=\"fas fa-child\"><\/i>\t\t\t<\/div>\n\t\t<\/div>\n\t\t\t\t\t\t<\/div>\n\t\t\t\t<\/div>\n\t\t\t\t<div class=\"elementor-element elementor-element-21aac68 elementor-widget elementor-widget-heading\" data-id=\"21aac68\" data-element_type=\"widget\" data-e-type=\"widget\" data-widget_type=\"heading.default\">\n\t\t\t\t<div class=\"elementor-widget-container\">\n\t\t\t\t\t<h3 class=\"elementor-heading-title elementor-size-default\">Le respect<\/h3>\t\t\t\t<\/div>\n\t\t\t\t<\/div>\n\t\t\t\t<div class=\"elementor-element elementor-element-5c84db4 elementor-widget elementor-widget-text-editor\" data-id=\"5c84db4\" data-element_type=\"widget\" data-e-type=\"widget\" data-widget_type=\"text-editor.default\">\n\t\t\t\t<div class=\"elementor-widget-container\">\n\t\t\t\t\t\t\t\t\t<p style=\"font-size: 16px; font-style: normal; font-weight: 400;\">Conscients que le tout-petit \u00e9tablit au cours de ses premi\u00e8res ann\u00e9es la base de son identit\u00e9, et de sa personnalit\u00e9 future, nous veillons \u00e0 ce que\u00a0<span style=\"color: #ff6600;\"><span style=\"font-weight: bold;\">la prise en compte et le respect<\/span>\u00a0<span style=\"font-weight: bold;\">de l\u2019enfant<\/span><\/span>\u00a0soient au centre de nos pratiques. Nous consid\u00e9rons l\u2019enfant comme un \u00eatre \u00e0 part enti\u00e8re, avec son histoire, son v\u00e9cu, son \u00e9ducation, sa culture. Cette posture implique d\u2019accueillir l\u2019enfant et sa famille dans son individualit\u00e9, dans sa diff\u00e9rence, et cela sans jugement.<\/p><p style=\"font-size: 16px; font-style: normal; font-weight: 400;\">\u00a0<\/p><p style=\"font-size: 16px; font-style: normal; font-weight: 400;\">Au quotidien, le respect de\u00a0<span style=\"color: #50ad53;\"><span style=\"font-weight: bold;\">l\u2019individualit\u00e9<\/span><\/span>\u00a0de l\u2019enfant suppose de le reconna\u00eetre comme acteur de son propre d\u00e9veloppement, en prenant en compte ses\u00a0<span style=\"color: #50ad53;\"><span style=\"font-weight: bold;\">besoins et ses rythmes de vie<\/span><\/span>, tout en favorisant un am\u00e9nagement du temps et de l\u2019espace o\u00f9 il puisse \u00e9voluer en toute libert\u00e9.<\/p><p style=\"font-size: 16px; font-style: normal; font-weight: 400;\">\u00a0<\/p><p style=\"font-size: 16px; font-style: normal; font-weight: 400;\">Conscients et respectueux les uns envers les autres, nous impulsons \u00e9galement cette valeur au c\u0153ur de notre communication professionnelle. Au sein de l\u2019\u00e9quipe, il est primordial de se respecter mutuellement, avec notre exp\u00e9rience, notre v\u00e9cu, notre savoir-faire pour pouvoir accompagner au mieux les enfants et leurs parents.<\/p>\t\t\t\t\t\t\t\t<\/div>\n\t\t\t\t<\/div>\n\t\t\t\t\t<\/div>\n\t\t<\/div>\n\t\t\t\t\t<\/div>\n\t\t<\/section>\n\t\t\t\t<section class=\"elementor-section elementor-top-section elementor-element elementor-element-ea60de2 elementor-section-boxed elementor-section-height-default elementor-section-height-default\" data-id=\"ea60de2\" data-element_type=\"section\" data-e-type=\"section\">\n\t\t\t\t\t\t<div class=\"elementor-container elementor-column-gap-default\">\n\t\t\t\t\t<div class=\"elementor-column elementor-col-100 elementor-top-column elementor-element elementor-element-9a6b550\" data-id=\"9a6b550\" data-element_type=\"column\" data-e-type=\"column\">\n\t\t\t<div class=\"elementor-widget-wrap elementor-element-populated\">\n\t\t\t\t\t\t<div class=\"elementor-element elementor-element-b506b46 elementor-view-stacked elementor-shape-circle elementor-widget elementor-widget-icon\" data-id=\"b506b46\" data-element_type=\"widget\" data-e-type=\"widget\" data-widget_type=\"icon.default\">\n\t\t\t\t<div class=\"elementor-widget-container\">\n\t\t\t\t\t\t\t<div class=\"elementor-icon-wrapper\">\n\t\t\t<div class=\"elementor-icon\">\n\t\t\t<i aria-hidden=\"true\" class=\"fas fa-user-friends\"><\/i>\t\t\t<\/div>\n\t\t<\/div>\n\t\t\t\t\t\t<\/div>\n\t\t\t\t<\/div>\n\t\t\t\t<div class=\"elementor-element elementor-element-263e0b1 elementor-widget elementor-widget-heading\" data-id=\"263e0b1\" data-element_type=\"widget\" data-e-type=\"widget\" data-widget_type=\"heading.default\">\n\t\t\t\t<div class=\"elementor-widget-container\">\n\t\t\t\t\t<h3 class=\"elementor-heading-title elementor-size-default\">La sociabilisation<\/h3>\t\t\t\t<\/div>\n\t\t\t\t<\/div>\n\t\t\t\t<div class=\"elementor-element elementor-element-386f219 elementor-widget elementor-widget-text-editor\" data-id=\"386f219\" data-element_type=\"widget\" data-e-type=\"widget\" data-widget_type=\"text-editor.default\">\n\t\t\t\t<div class=\"elementor-widget-container\">\n\t\t\t\t\t\t\t\t\t<p style=\"font-size: 16px; font-style: normal; font-weight: 400;\">La\u00a0<span style=\"color: #ff6600;\"><span style=\"font-weight: bold;\">vie en collectivit\u00e9<\/span><\/span>\u00a0favorise les interactions entre pairs, en m\u00eame temps que se tissent des liens \u00a0avec les adultes qui gravitent autour de l\u2019enfant. Au contact des autres, le tout-petit va se construire, et apprendre \u00e0\u00a0 \u00ab\u00a0vivre ensemble\u00a0\u00bb, \u00e0 \u00ab\u00a0faire ensemble\u00a0\u00bb. Au travers de ces interactions, celui-ci apprend \u00e0 se diff\u00e9rencier, \u00e0 prendre en compte l\u2019autre comme un \u00eatre diff\u00e9rent de soi, avec ses propres \u00e9motions et ses propres ressentis.<\/p><p style=\"font-size: 16px; font-style: normal; font-weight: 400;\">\u00a0<\/p><p style=\"font-size: 16px; font-style: normal; font-weight: 400;\">Nous, professionnels de la cr\u00e8che, nous sommes pr\u00e9sents et disponibles pour mettre des mots sur ce que ressent l\u2019enfant. Par notre posture, nous encourageons l\u2019enfant dans ses prises d\u2019initiatives, et ses rencontres avec les autres. \u00a0L\u2019objectif \u00e9tant de se poser comme \u00ab\u00a0l\u2019alli\u00e9\u00a0\u00bb du tout-petit, et de chercher \u00e0 favoriser la vie ensemble, dans laquelle chacun peut se sentir exist\u00e9, rassur\u00e9, et pris en compte dans sa singularit\u00e9.<\/p><p style=\"font-size: 16px; font-style: normal; font-weight: 400;\">\u00a0<\/p><p style=\"font-size: 16px; font-style: normal; font-weight: 400;\">La qualit\u00e9 de la relation engag\u00e9e avec les adultes joue un r\u00f4le essentiel dans la qualit\u00e9 relationnelle de l\u2019enfant avec ses pairs.<\/p><p style=\"font-size: 16px; font-style: normal; font-weight: 400;\">\u00a0<\/p><p style=\"font-size: 16px; font-style: normal; font-weight: 400;\">L\u2019ouverture vers l\u2019ext\u00e9rieur contribue \u00e0 la socialisation du tout-petit.<\/p>\t\t\t\t\t\t\t\t<\/div>\n\t\t\t\t<\/div>\n\t\t\t\t\t<\/div>\n\t\t<\/div>\n\t\t\t\t\t<\/div>\n\t\t<\/section>\n\t\t\t\t<section class=\"elementor-section elementor-top-section elementor-element elementor-element-96b405c elementor-section-boxed elementor-section-height-default elementor-section-height-default\" data-id=\"96b405c\" data-element_type=\"section\" data-e-type=\"section\">\n\t\t\t\t\t\t<div class=\"elementor-container elementor-column-gap-default\">\n\t\t\t\t\t<div class=\"elementor-column elementor-col-100 elementor-top-column elementor-element elementor-element-f4b104e\" data-id=\"f4b104e\" data-element_type=\"column\" data-e-type=\"column\">\n\t\t\t<div class=\"elementor-widget-wrap elementor-element-populated\">\n\t\t\t\t\t\t<div class=\"elementor-element elementor-element-40567a4 elementor-view-stacked elementor-shape-circle elementor-widget elementor-widget-icon\" data-id=\"40567a4\" data-element_type=\"widget\" data-e-type=\"widget\" data-widget_type=\"icon.default\">\n\t\t\t\t<div class=\"elementor-widget-container\">\n\t\t\t\t\t\t\t<div class=\"elementor-icon-wrapper\">\n\t\t\t<div class=\"elementor-icon\">\n\t\t\t<i aria-hidden=\"true\" class=\"fas fa-hand-holding-heart\"><\/i>\t\t\t<\/div>\n\t\t<\/div>\n\t\t\t\t\t\t<\/div>\n\t\t\t\t<\/div>\n\t\t\t\t<div class=\"elementor-element elementor-element-4de9d3f elementor-widget elementor-widget-heading\" data-id=\"4de9d3f\" data-element_type=\"widget\" data-e-type=\"widget\" data-widget_type=\"heading.default\">\n\t\t\t\t<div class=\"elementor-widget-container\">\n\t\t\t\t\t<h3 class=\"elementor-heading-title elementor-size-default\">La s\u00e9curit\u00e9 de l'enfant<\/h3>\t\t\t\t<\/div>\n\t\t\t\t<\/div>\n\t\t\t\t<div class=\"elementor-element elementor-element-7d0ff6e elementor-widget elementor-widget-text-editor\" data-id=\"7d0ff6e\" data-element_type=\"widget\" data-e-type=\"widget\" data-widget_type=\"text-editor.default\">\n\t\t\t\t<div class=\"elementor-widget-container\">\n\t\t\t\t\t\t\t\t\t<p style=\"font-size: 16px; font-style: normal; font-weight: 400;\">La s\u00e9curit\u00e9 de l\u2019enfant, de sa famille, ainsi que de l\u2019\u00e9quipe est primordiale au sein de la structure. L\u2019accueil est pens\u00e9 et r\u00e9fl\u00e9chi afin de permettre \u00e0 chacun de se sentir\u00a0<span style=\"color: #ff6600;\"><span style=\"font-weight: bold;\">s\u00e9cure et s\u00e9curis\u00e9<\/span><\/span>.<\/p><p style=\"font-size: 16px; font-style: normal; font-weight: 400;\">\u00a0<\/p><ul style=\"font-size: 16px; font-style: normal; font-weight: 400;\"><li style=\"font-size: 16px;\"><span style=\"color: #31b05b;\"><span style=\"font-weight: bold;\">La s\u00e9curit\u00e9 physique<\/span>:<\/span>\u00a0nous proposons un environnement adapt\u00e9 et s\u00e9curis\u00e9 dans lequel l\u2019enfant peut \u00e9voluer sans se mettre en danger. L\u2019\u00e9quipe de la cr\u00e8che est attentive \u00e0 l\u2019am\u00e9nagement de l\u2019espace,\u00a0 et au respect des normes d\u2019hygi\u00e8ne et de s\u00e9curit\u00e9.<\/li><li style=\"font-size: 16px;\"><span style=\"font-weight: bold;\"><span style=\"color: #31b05b;\">La s\u00e9curit\u00e9 affective<\/span>\u00a0<\/span>: nous adoptons une posture qui veille au bien \u00eatre psychologique de l\u2019enfant, et participe \u00e0 son \u00e9panouissement personnel. La bienveillance et la disponibilit\u00e9 des professionnels favorisent les liens de confiance, et cr\u00e9e un environnement s\u00e9cure propice au bon d\u00e9veloppement de l\u2019enfant. Les rep\u00e8res construits vont l\u2019aider \u00e0 se sentir en confiance et rassur\u00e9 dans cet espace de collectivit\u00e9.<\/li><\/ul>\t\t\t\t\t\t\t\t<\/div>\n\t\t\t\t<\/div>\n\t\t\t\t\t<\/div>\n\t\t<\/div>\n\t\t\t\t\t<\/div>\n\t\t<\/section>\n\t\t\t\t<section class=\"elementor-section elementor-top-section elementor-element elementor-element-e1d1b2d elementor-section-boxed elementor-section-height-default elementor-section-height-default\" data-id=\"e1d1b2d\" data-element_type=\"section\" data-e-type=\"section\">\n\t\t\t\t\t\t<div class=\"elementor-container elementor-column-gap-default\">\n\t\t\t\t\t<div class=\"elementor-column elementor-col-100 elementor-top-column elementor-element elementor-element-ba55c63\" data-id=\"ba55c63\" data-element_type=\"column\" data-e-type=\"column\">\n\t\t\t<div class=\"elementor-widget-wrap elementor-element-populated\">\n\t\t\t\t\t\t<div class=\"elementor-element elementor-element-fd02f74 elementor-view-stacked elementor-shape-circle elementor-widget elementor-widget-icon\" data-id=\"fd02f74\" data-element_type=\"widget\" data-e-type=\"widget\" data-widget_type=\"icon.default\">\n\t\t\t\t<div class=\"elementor-widget-container\">\n\t\t\t\t\t\t\t<div class=\"elementor-icon-wrapper\">\n\t\t\t<div class=\"elementor-icon\">\n\t\t\t<i aria-hidden=\"true\" class=\"fas fa-brain\"><\/i>\t\t\t<\/div>\n\t\t<\/div>\n\t\t\t\t\t\t<\/div>\n\t\t\t\t<\/div>\n\t\t\t\t<div class=\"elementor-element elementor-element-7858aa7 elementor-widget elementor-widget-heading\" data-id=\"7858aa7\" data-element_type=\"widget\" data-e-type=\"widget\" data-widget_type=\"heading.default\">\n\t\t\t\t<div class=\"elementor-widget-container\">\n\t\t\t\t\t<h3 class=\"elementor-heading-title elementor-size-default\">La co-\u00e9ducation<\/h3>\t\t\t\t<\/div>\n\t\t\t\t<\/div>\n\t\t\t\t<div class=\"elementor-element elementor-element-8b94bc1 elementor-widget elementor-widget-text-editor\" data-id=\"8b94bc1\" data-element_type=\"widget\" data-e-type=\"widget\" data-widget_type=\"text-editor.default\">\n\t\t\t\t<div class=\"elementor-widget-container\">\n\t\t\t\t\t\t\t\t\t<p style=\"font-size: 16px; font-style: normal; font-weight: 400;\">L\u2019accueil de l\u2019enfant, dans le respect de son individualit\u00e9, se fait en instaurant une\u00a0<span style=\"color: #ff6600;\"><span style=\"font-weight: bold;\">relation de confiance avec les parents<\/span>,<\/span>\u00a0premiers \u00e9ducateurs de l\u2019enfant. Dans cet esprit de co-\u00e9ducation, nous construisons les bases de l\u2019accompagnement du tout-petit \u00e0 la cr\u00e8che.<\/p><p style=\"font-size: 16px; font-style: normal; font-weight: 400;\">\u00a0<\/p><p style=\"font-size: 16px; font-style: normal; font-weight: 400;\">La cr\u00e8che est un environnement nouveau et inconnu pour un enfant. Assurer la continuit\u00e9 maison-cr\u00e8che, c\u2019est lui permettre de grandir et \u00e9voluer dans un espace o\u00f9 ses habitudes, ses rep\u00e8res, ses rituels sont pr\u00e9serv\u00e9s.<\/p><p style=\"font-size: 16px; font-style: normal; font-weight: 400;\">\u00a0<\/p><p style=\"font-size: 16px; font-style: normal; font-weight: 400;\">Cette d\u00e9marche de co-\u00e9ducation se traduit \u00e9galement par la place accord\u00e9e aux familles au sein de la structure. Nous invitons les familles \u00e0 participer aux temps forts de la vie \u00e0 la cr\u00e8che et organisons des temps de rencontres afin d\u2019\u00e9changer autour de leur enfant, de leurs principes et valeurs \u00e9ducatives.<\/p><p style=\"font-size: 16px; font-style: normal; font-weight: 400;\">\u00a0<\/p><p style=\"font-size: 16px; font-style: normal; font-weight: 400;\">La valorisation du r\u00f4le parental favorise la prise en compte de l\u2019enfant et de sa famille dans sa globalit\u00e9, tout en respectant leur individualit\u00e9.<\/p>\t\t\t\t\t\t\t\t<\/div>\n\t\t\t\t<\/div>\n\t\t\t\t<div class=\"elementor-element elementor-element-08780a9 elementor-widget-divider--view-line elementor-widget elementor-widget-divider\" data-id=\"08780a9\" data-element_type=\"widget\" data-e-type=\"widget\" data-widget_type=\"divider.default\">\n\t\t\t\t<div class=\"elementor-widget-container\">\n\t\t\t\t\t\t\t<div class=\"elementor-divider\">\n\t\t\t<span class=\"elementor-divider-separator\">\n\t\t\t\t\t\t<\/span>\n\t\t<\/div>\n\t\t\t\t\t\t<\/div>\n\t\t\t\t<\/div>\n\t\t\t\t<div class=\"elementor-element elementor-element-b4f3bd3 elementor-widget elementor-widget-text-editor\" data-id=\"b4f3bd3\" data-element_type=\"widget\" data-e-type=\"widget\" data-widget_type=\"text-editor.default\">\n\t\t\t\t<div class=\"elementor-widget-container\">\n\t\t\t\t\t\t\t\t\t<p style=\"font-size: 16px; font-style: normal; font-weight: 400;\">L\u2019\u00e9quipe veille \u00e0 ce que chaque enfant puisse, \u00e0 son rythme et selon ses besoins, grandir, jouer, d\u00e9couvrir et s\u2019\u00e9panouir au sein de la cr\u00e8che.<\/p><p style=\"font-size: 16px; font-style: normal; font-weight: 400;\">\u00a0<\/p><p style=\"font-size: 16px; font-style: normal; font-weight: 400;\">Il est important que vous, parents, puissiez non seulement confier votre enfant en toute s\u00e9r\u00e9nit\u00e9 mais\u00a0 aussi \u00eatre acteur de la vie de la cr\u00e8che.<\/p><p style=\"font-size: 16px; font-style: normal; font-weight: 400;\">\u00a0<\/p><p style=\"font-size: 16px; font-style: normal; font-weight: 400;\">Ces objectifs font l\u2019objet d\u2019un travail en \u00e9quipe constant pour assurer un\u00a0<span style=\"font-weight: bold;\"><span style=\"color: #ff6600;\">accueil de qualit\u00e9<\/span><\/span>\u00a0de l\u2019enfant et de sa famille. L\u2019\u00e9quipe met en \u0153uvre les moyens mat\u00e9riels, spatiaux, \u00e9ducatifs et p\u00e9dagogiques n\u00e9cessaires pour atteindre ces objectifs.<\/p>\t\t\t\t\t\t\t\t<\/div>\n\t\t\t\t<\/div>\n\t\t\t\t\t<\/div>\n\t\t<\/div>\n\t\t\t\t\t<\/div>\n\t\t<\/section>\n\t\t\t\t<section class=\"elementor-section elementor-top-section elementor-element elementor-element-349da3d elementor-section-boxed elementor-section-height-default elementor-section-height-default\" data-id=\"349da3d\" data-element_type=\"section\" data-e-type=\"section\">\n\t\t\t\t\t\t<div class=\"elementor-container elementor-column-gap-default\">\n\t\t\t\t\t<div class=\"elementor-column elementor-col-100 elementor-top-column elementor-element elementor-element-3644fd2\" data-id=\"3644fd2\" data-element_type=\"column\" data-e-type=\"column\">\n\t\t\t<div class=\"elementor-widget-wrap\">\n\t\t\t\t\t\t\t<\/div>\n\t\t<\/div>\n\t\t\t\t\t<\/div>\n\t\t<\/section>\n\t\t\t\t<\/div>\n\t\t","protected":false},"excerpt":{"rendered":"<p>Nos valeurs Projet p\u00e9dagogique La cr\u00e8che SCOPidoux, en plus d\u2019\u00eatre un lieu d\u2019accueil \u00e0 part enti\u00e8re, est un lieu d\u2019\u00e9veil et de socialisation pour les enfants. L\u2019environnement dans lequel \u00e9volue l\u2019enfant est essentiel \u00e0 son \u00e9panouissement. \u00a0 Le projet de la cr\u00e8che s\u2019articule autour de diff\u00e9rents objectifs\u00a0: Accueillir l\u2019enfant au sein de la collectivit\u00e9 dans [&hellip;]<\/p>\n","protected":false},"author":1,"featured_media":0,"parent":0,"menu_order":0,"comment_status":"closed","ping_status":"closed","template":"elementor_theme","meta":{"site-sidebar-layout":"no-sidebar","site-content-layout":"page-builder","ast-site-content-layout":"full-width-container","site-content-style":"unboxed","site-sidebar-style":"unboxed","ast-global-header-display":"","ast-banner-title-visibility":"","ast-main-header-display":"","ast-hfb-above-header-display":"","ast-hfb-below-header-display":"","ast-hfb-mobile-header-display":"","site-post-title":"disabled","ast-breadcrumbs-content":"","ast-featured-img":"disabled","footer-sml-layout":"","ast-disable-related-posts":"","theme-transparent-header-meta":"","adv-header-id-meta":"","stick-header-meta":"","header-above-stick-meta":"","header-main-stick-meta":"","header-below-stick-meta":"","astra-migrate-meta-layouts":"set","ast-page-background-enabled":"default","ast-page-background-meta":{"desktop":{"background-color":"","background-image":"","background-repeat":"repeat","background-position":"center center","background-size":"auto","background-attachment":"scroll","background-type":"","background-media":"","overlay-type":"","overlay-color":"","overlay-opacity":"","overlay-gradient":""},"tablet":{"background-color":"","background-image":"","background-repeat":"repeat","background-position":"center center","background-size":"auto","background-attachment":"scroll","background-type":"","background-media":"","overlay-type":"","overlay-color":"","overlay-opacity":"","overlay-gradient":""},"mobile":{"background-color":"","background-image":"","background-repeat":"repeat","background-position":"center center","background-size":"auto","background-attachment":"scroll","background-type":"","background-media":"","overlay-type":"","overlay-color":"","overlay-opacity":"","overlay-gradient":""}},"ast-content-background-meta":{"desktop":{"background-color":"var(--ast-global-color-5)","background-image":"","background-repeat":"repeat","background-position":"center center","background-size":"auto","background-attachment":"scroll","background-type":"","background-media":"","overlay-type":"","overlay-color":"","overlay-opacity":"","overlay-gradient":""},"tablet":{"background-color":"var(--ast-global-color-5)","background-image":"","background-repeat":"repeat","background-position":"center center","background-size":"auto","background-attachment":"scroll","background-type":"","background-media":"","overlay-type":"","overlay-color":"","overlay-opacity":"","overlay-gradient":""},"mobile":{"background-color":"var(--ast-global-color-5)","background-image":"","background-repeat":"repeat","background-position":"center center","background-size":"auto","background-attachment":"scroll","background-type":"","background-media":"","overlay-type":"","overlay-color":"","overlay-opacity":"","overlay-gradient":""}},"footnotes":""},"class_list":["post-438","page","type-page","status-publish","hentry"],"_links":{"self":[{"href":"https:\/\/scopidoux.re\/index.php\/wp-json\/wp\/v2\/pages\/438","targetHints":{"allow":["GET"]}}],"collection":[{"href":"https:\/\/scopidoux.re\/index.php\/wp-json\/wp\/v2\/pages"}],"about":[{"href":"https:\/\/scopidoux.re\/index.php\/wp-json\/wp\/v2\/types\/page"}],"author":[{"embeddable":true,"href":"https:\/\/scopidoux.re\/index.php\/wp-json\/wp\/v2\/users\/1"}],"replies":[{"embeddable":true,"href":"https:\/\/scopidoux.re\/index.php\/wp-json\/wp\/v2\/comments?post=438"}],"version-history":[{"count":44,"href":"https:\/\/scopidoux.re\/index.php\/wp-json\/wp\/v2\/pages\/438\/revisions"}],"predecessor-version":[{"id":1372,"href":"https:\/\/scopidoux.re\/index.php\/wp-json\/wp\/v2\/pages\/438\/revisions\/1372"}],"wp:attachment":[{"href":"https:\/\/scopidoux.re\/index.php\/wp-json\/wp\/v2\/media?parent=438"}],"curies":[{"name":"wp","href":"https:\/\/api.w.org\/{rel}","templated":true}]}}